{"id":18163,"date":"2023-05-23T21:40:39","date_gmt":"2023-05-23T21:40:39","guid":{"rendered":"https:\/\/invema.uk\/fondation-invema\/"},"modified":"2023-06-02T08:52:37","modified_gmt":"2023-06-02T08:52:37","slug":"fondation-invema","status":"publish","type":"page","link":"https:\/\/invema.uk\/fr\/fondation-invema\/","title":{"rendered":"Fondation Invema"},"content":{"rendered":"\t\t<div data-elementor-type=\"wp-page\" data-elementor-id=\"18163\" class=\"elementor elementor-18163 elementor-18068\">\n\t\t\t\t\t\t\t<div class=\"elementor-element elementor-element-ed63f81 e-flex e-con-boxed e-con\" data-id=\"ed63f81\" data-element_type=\"container\" data-settings=\"{&quot;background_background&quot;:&quot;classic&quot;,&quot;content_width&quot;:&quot;boxed&quot;}\">\n\t\t\t\t\t<div class=\"e-con-inner\">\n\t\t<div class=\"elementor-element elementor-element-8b1f8cd e-con-full e-flex e-con\" data-id=\"8b1f8cd\" data-element_type=\"container\" data-settings=\"{&quot;content_width&quot;:&quot;full&quot;}\">\n\t\t\t\t<div class=\"elementor-element elementor-element-4cd40a5 elementor-absolute elementor-widget elementor-widget-heading\" data-id=\"4cd40a5\" data-element_type=\"widget\" data-settings=\"{&quot;_position&quot;:&quot;absolute&quot;}\" data-widget_type=\"heading.default\">\n\t\t\t\t<div class=\"elementor-widget-container\">\n\t\t\t<style>\/*! elementor - v3.14.0 - 26-06-2023 *\/\n.elementor-heading-title{padding:0;margin:0;line-height:1}.elementor-widget-heading .elementor-heading-title[class*=elementor-size-]>a{color:inherit;font-size:inherit;line-height:inherit}.elementor-widget-heading .elementor-heading-title.elementor-size-small{font-size:15px}.elementor-widget-heading .elementor-heading-title.elementor-size-medium{font-size:19px}.elementor-widget-heading .elementor-heading-title.elementor-size-large{font-size:29px}.elementor-widget-heading .elementor-heading-title.elementor-size-xl{font-size:39px}.elementor-widget-heading .elementor-heading-title.elementor-size-xxl{font-size:59px}<\/style><h1 class=\"elementor-heading-title elementor-size-default\">FONDATION INVEMA<\/h1>\t\t<\/div>\n\t\t\t\t<\/div>\n\t\t\t\t<\/div>\n\t\t\t\t\t<\/div>\n\t\t\t\t<\/div>\n\t\t<div class=\"elementor-element elementor-element-8a6cbdf e-flex e-con-boxed e-con\" data-id=\"8a6cbdf\" data-element_type=\"container\" data-settings=\"{&quot;background_background&quot;:&quot;classic&quot;,&quot;content_width&quot;:&quot;boxed&quot;}\">\n\t\t\t\t\t<div class=\"e-con-inner\">\n\t\t\t\t<div class=\"elementor-element elementor-element-89263a7 elementor-widget__width-initial elementor-widget elementor-widget-text-editor\" data-id=\"89263a7\" data-element_type=\"widget\" data-widget_type=\"text-editor.default\">\n\t\t\t\t<div class=\"elementor-widget-container\">\n\t\t\t<style>\/*! elementor - v3.14.0 - 26-06-2023 *\/\n.elementor-widget-text-editor.elementor-drop-cap-view-stacked .elementor-drop-cap{background-color:#69727d;color:#fff}.elementor-widget-text-editor.elementor-drop-cap-view-framed .elementor-drop-cap{color:#69727d;border:3px solid;background-color:transparent}.elementor-widget-text-editor:not(.elementor-drop-cap-view-default) .elementor-drop-cap{margin-top:8px}.elementor-widget-text-editor:not(.elementor-drop-cap-view-default) .elementor-drop-cap-letter{width:1em;height:1em}.elementor-widget-text-editor .elementor-drop-cap{float:left;text-align:center;line-height:1;font-size:50px}.elementor-widget-text-editor .elementor-drop-cap-letter{display:inline-block}<\/style>\t\t\t\t<p>Depuis ses d\u00e9buts, Invema Ltd. a accord\u00e9 des subventions \u00e0 des organisations \u00e0 but non lucratif et \u00e0 des groupes communautaires, afin de r\u00e9pondre aux besoins de la soci\u00e9t\u00e9 et d&rsquo;am\u00e9liorer le bien-\u00eatre des communaut\u00e9s dans le monde entier.<\/p>\n<p>Ces subventions ont permis de soutenir un large \u00e9ventail d&rsquo;activit\u00e9s, notamment la recherche, les programmes, les services, le d\u00e9veloppement des infrastructures, le renforcement des capacit\u00e9s et la pr\u00e9servation de l&rsquo;environnement.<\/p>\n<p>Notre responsabilit\u00e9 sociale d&rsquo;entreprise (RSE) fait partie int\u00e9grante de nos objectifs quotidiens et t\u00e9moigne de notre engagement \u00e0 promouvoir la responsabilit\u00e9, la s\u00e9curit\u00e9 et l&rsquo;am\u00e9lioration financi\u00e8re, sociale et environnementale \u00e0 l\u2019\u00e9chelle mondiale.<\/p>\n<p>Invema est ouvert \u00e0 l&rsquo;examen des demandes et \u00e0 la s\u00e9lection de projets ou d&rsquo;initiatives qui ont un impact significatif et qui correspondent \u00e0 nos valeurs et \u00e0 nos objectifs.<\/p>\n\t\t\t\t\t\t<\/div>\n\t\t\t\t<\/div>\n\t\t\t\t\t<\/div>\n\t\t\t\t<\/div>\n\t\t<div class=\"elementor-element elementor-element-efa4483 e-flex e-con-boxed e-con\" data-id=\"efa4483\" data-element_type=\"container\" data-settings=\"{&quot;content_width&quot;:&quot;boxed&quot;}\">\n\t\t\t\t\t<div class=\"e-con-inner\">\n\t\t<div class=\"elementor-element elementor-element-c79aace e-con-full e-flex e-con\" data-id=\"c79aace\" data-element_type=\"container\" data-settings=\"{&quot;content_width&quot;:&quot;full&quot;}\">\n\t\t<div class=\"elementor-element elementor-element-91427e0 e-flex e-con-boxed e-con\" data-id=\"91427e0\" data-element_type=\"container\" data-settings=\"{&quot;background_background&quot;:&quot;classic&quot;,&quot;content_width&quot;:&quot;boxed&quot;}\">\n\t\t\t\t\t<div class=\"e-con-inner\">\n\t\t\t\t<div class=\"elementor-element elementor-element-a3349cc elementor-absolute elementor-widget elementor-widget-image\" data-id=\"a3349cc\" data-element_type=\"widget\" data-settings=\"{&quot;_position&quot;:&quot;absolute&quot;}\" data-widget_type=\"image.default\">\n\t\t\t\t<div class=\"elementor-widget-container\">\n\t\t\t<style>\/*! elementor - v3.14.0 - 26-06-2023 *\/\n.elementor-widget-image{text-align:center}.elementor-widget-image a{display:inline-block}.elementor-widget-image a img[src$=\".svg\"]{width:48px}.elementor-widget-image img{vertical-align:middle;display:inline-block}<\/style>\t\t\t\t\t\t\t\t\t\t\t\t<img decoding=\"async\" width=\"300\" height=\"252\" src=\"https:\/\/invema.uk\/wp-content\/uploads\/2023\/05\/LOGO-VOLVER-A-SONAR-300x252.png\" class=\"attachment-medium size-medium wp-image-18120\" alt=\"\" loading=\"lazy\" srcset=\"https:\/\/invema.uk\/wp-content\/uploads\/2023\/05\/LOGO-VOLVER-A-SONAR-300x252.png 300w, https:\/\/invema.uk\/wp-content\/uploads\/2023\/05\/LOGO-VOLVER-A-SONAR-768x645.png 768w, https:\/\/invema.uk\/wp-content\/uploads\/2023\/05\/LOGO-VOLVER-A-SONAR.png 952w\" sizes=\"(max-width: 300px) 100vw, 300px\" \/>\t\t\t\t\t\t\t\t\t\t\t\t\t\t\t<\/div>\n\t\t\t\t<\/div>\n\t\t\t\t\t<\/div>\n\t\t\t\t<\/div>\n\t\t\t\t<\/div>\n\t\t<div class=\"elementor-element elementor-element-73dbecb e-con-full e-flex e-con\" data-id=\"73dbecb\" data-element_type=\"container\" data-settings=\"{&quot;content_width&quot;:&quot;full&quot;}\">\n\t\t<div class=\"elementor-element elementor-element-33b294b e-con-full e-flex e-con\" data-id=\"33b294b\" data-element_type=\"container\" data-settings=\"{&quot;content_width&quot;:&quot;full&quot;}\">\n\t\t\t\t<div class=\"elementor-element elementor-element-80ce263 elementor-widget elementor-widget-heading\" data-id=\"80ce263\" data-element_type=\"widget\" data-widget_type=\"heading.default\">\n\t\t\t\t<div class=\"elementor-widget-container\">\n\t\t\t<h2 class=\"elementor-heading-title elementor-size-default\">Volver a So\u00f1ar<\/h2>\t\t<\/div>\n\t\t\t\t<\/div>\n\t\t\t\t<div class=\"elementor-element elementor-element-48fd0ee elementor-widget elementor-widget-text-editor\" data-id=\"48fd0ee\" data-element_type=\"widget\" data-widget_type=\"text-editor.default\">\n\t\t\t\t<div class=\"elementor-widget-container\">\n\t\t\t\t\t\t\t<p>Volver a So\u00f1ar est une organisation \u00e0 but non lucratif fond\u00e9e par une \u00e9quipe de femmes colombiennes engag\u00e9es qui travaillent sans rel\u00e2che pour fournir aux enfants de la fondation atteints de cancer et \u00e0 leurs familles \u00e0 faible revenu, un accompagnement complet, un soutien physique, psychologique et spirituel. Nous les aidons \u00e0 att\u00e9nuer les trag\u00e9dies de la vie et \u00e0 les surmonter. Notre mission est de parvenir \u00e0 une transformation positive et v\u00e9ritable des personnes ainsi que de la soci\u00e9t\u00e9.<\/p>\n\t\t\t\t\t\t<\/div>\n\t\t\t\t<\/div>\n\t\t<div class=\"elementor-element elementor-element-b289d93 e-flex e-con-boxed e-con\" data-id=\"b289d93\" data-element_type=\"container\" data-settings=\"{&quot;content_width&quot;:&quot;boxed&quot;}\">\n\t\t\t\t\t<div class=\"e-con-inner\">\n\t\t\t\t<div class=\"elementor-element elementor-element-b04ff63 elementor-widget elementor-widget-button\" data-id=\"b04ff63\" data-element_type=\"widget\" data-widget_type=\"button.default\">\n\t\t\t\t<div class=\"elementor-widget-container\">\n\t\t\t\t\t<div class=\"elementor-button-wrapper\">\n\t\t\t<a class=\"elementor-button elementor-button-link elementor-size-md\" href=\"https:\/\/www.todreamagain.com.co\/\" target=\"_blank\">\n\t\t\t\t\t\t<span class=\"elementor-button-content-wrapper\">\n\t\t\t\t\t\t<span class=\"elementor-button-text\">Visiter le Site Web<\/span>\n\t\t<\/span>\n\t\t\t\t\t<\/a>\n\t\t<\/div>\n\t\t\t\t<\/div>\n\t\t\t\t<\/div>\n\t\t\t\t<div class=\"elementor-element elementor-element-41f435e elementor-widget elementor-widget-button\" data-id=\"41f435e\" data-element_type=\"widget\" data-widget_type=\"button.default\">\n\t\t\t\t<div class=\"elementor-widget-container\">\n\t\t\t\t\t<div class=\"elementor-button-wrapper\">\n\t\t\t<a class=\"elementor-button elementor-button-link elementor-size-md\" href=\"https:\/\/youtu.be\/CfBCAimTVrk\" target=\"_blank\">\n\t\t\t\t\t\t<span class=\"elementor-button-content-wrapper\">\n\t\t\t\t\t\t<span class=\"elementor-button-text\">Vid\u00e9o<\/span>\n\t\t<\/span>\n\t\t\t\t\t<\/a>\n\t\t<\/div>\n\t\t\t\t<\/div>\n\t\t\t\t<\/div>\n\t\t\t\t\t<\/div>\n\t\t\t\t<\/div>\n\t\t\t\t<\/div>\n\t\t\t\t<\/div>\n\t\t\t\t\t<\/div>\n\t\t\t\t<\/div>\n\t\t<div class=\"elementor-element elementor-element-ecc07c4 e-flex e-con-boxed e-con\" data-id=\"ecc07c4\" data-element_type=\"container\" data-settings=\"{&quot;content_width&quot;:&quot;boxed&quot;}\">\n\t\t\t\t\t<div class=\"e-con-inner\">\n\t\t<div class=\"elementor-element elementor-element-1bfe9b8 e-con-full e-flex e-con\" data-id=\"1bfe9b8\" data-element_type=\"container\" data-settings=\"{&quot;content_width&quot;:&quot;full&quot;}\">\n\t\t<div class=\"elementor-element elementor-element-1d72269 e-flex e-con-boxed e-con\" data-id=\"1d72269\" data-element_type=\"container\" data-settings=\"{&quot;background_background&quot;:&quot;classic&quot;,&quot;content_width&quot;:&quot;boxed&quot;}\">\n\t\t\t\t\t<div class=\"e-con-inner\">\n\t\t\t\t<div class=\"elementor-element elementor-element-2e41358 elementor-absolute elementor-widget elementor-widget-image\" data-id=\"2e41358\" data-element_type=\"widget\" data-settings=\"{&quot;_position&quot;:&quot;absolute&quot;}\" data-widget_type=\"image.default\">\n\t\t\t\t<div class=\"elementor-widget-container\">\n\t\t\t\t\t\t\t\t\t\t\t\t\t\t\t<img decoding=\"async\" width=\"300\" height=\"252\" src=\"https:\/\/invema.uk\/wp-content\/uploads\/2023\/05\/LOGO-FUNDACRISTO-300x252.png\" class=\"attachment-medium size-medium wp-image-18105\" alt=\"\" loading=\"lazy\" srcset=\"https:\/\/invema.uk\/wp-content\/uploads\/2023\/05\/LOGO-FUNDACRISTO-300x252.png 300w, https:\/\/invema.uk\/wp-content\/uploads\/2023\/05\/LOGO-FUNDACRISTO-768x645.png 768w, https:\/\/invema.uk\/wp-content\/uploads\/2023\/05\/LOGO-FUNDACRISTO.png 952w\" sizes=\"(max-width: 300px) 100vw, 300px\" \/>\t\t\t\t\t\t\t\t\t\t\t\t\t\t\t<\/div>\n\t\t\t\t<\/div>\n\t\t\t\t\t<\/div>\n\t\t\t\t<\/div>\n\t\t\t\t<\/div>\n\t\t<div class=\"elementor-element elementor-element-e7e5d3c e-con-full e-flex e-con\" data-id=\"e7e5d3c\" data-element_type=\"container\" data-settings=\"{&quot;content_width&quot;:&quot;full&quot;}\">\n\t\t<div class=\"elementor-element elementor-element-24a4ffb e-con-full e-flex e-con\" data-id=\"24a4ffb\" data-element_type=\"container\" data-settings=\"{&quot;content_width&quot;:&quot;full&quot;}\">\n\t\t\t\t<div class=\"elementor-element elementor-element-309e3de elementor-widget elementor-widget-heading\" data-id=\"309e3de\" data-element_type=\"widget\" data-widget_type=\"heading.default\">\n\t\t\t\t<div class=\"elementor-widget-container\">\n\t\t\t<h2 class=\"elementor-heading-title elementor-size-default\">Fundacristo Corp. - USA<\/h2>\t\t<\/div>\n\t\t\t\t<\/div>\n\t\t\t\t<div class=\"elementor-element elementor-element-683fdaf elementor-widget elementor-widget-text-editor\" data-id=\"683fdaf\" data-element_type=\"widget\" data-widget_type=\"text-editor.default\">\n\t\t\t\t<div class=\"elementor-widget-container\">\n\t\t\t\t\t\t\t<p>Fundacristo\u2019s Mission est une organisation ayant pour but de g\u00e9n\u00e9rer dans toute la communaut\u00e9 dans laquelle nous sommes pr\u00e9sents, des principes moraux, \u00e9thiques et sociaux, toujours bas\u00e9s sur la parole de DIEU et sur son livre de vie, LA BIBLE.<\/p>\n<p>Nous g\u00e9n\u00e9rons chez nos associ\u00e9s, b\u00e9n\u00e9ficiaires et contributeurs, de grandes b\u00e9n\u00e9dictions, des b\u00e9n\u00e9fices et de la prosp\u00e9rit\u00e9 dans les domaines spirituels, moraux et \u00e9conomiques.<\/p>\n\t\t\t\t\t\t<\/div>\n\t\t\t\t<\/div>\n\t\t\t\t<div class=\"elementor-element elementor-element-b75747d elementor-widget elementor-widget-button\" data-id=\"b75747d\" data-element_type=\"widget\" data-widget_type=\"button.default\">\n\t\t\t\t<div class=\"elementor-widget-container\">\n\t\t\t\t\t<div class=\"elementor-button-wrapper\">\n\t\t\t<a class=\"elementor-button elementor-button-link elementor-size-md\" href=\"http:\/\/www.fundacristo-corp.org\/\" target=\"_blank\">\n\t\t\t\t\t\t<span class=\"elementor-button-content-wrapper\">\n\t\t\t\t\t\t<span class=\"elementor-button-text\">Visiter le Site Web<\/span>\n\t\t<\/span>\n\t\t\t\t\t<\/a>\n\t\t<\/div>\n\t\t\t\t<\/div>\n\t\t\t\t<\/div>\n\t\t\t\t<\/div>\n\t\t\t\t<\/div>\n\t\t\t\t\t<\/div>\n\t\t\t\t<\/div>\n\t\t<div class=\"elementor-element elementor-element-2c71a60 e-flex e-con-boxed e-con\" data-id=\"2c71a60\" data-element_type=\"container\" data-settings=\"{&quot;content_width&quot;:&quot;boxed&quot;}\">\n\t\t\t\t\t<div class=\"e-con-inner\">\n\t\t<div class=\"elementor-element elementor-element-9db240a e-con-full e-flex e-con\" data-id=\"9db240a\" data-element_type=\"container\" data-settings=\"{&quot;content_width&quot;:&quot;full&quot;}\">\n\t\t<div class=\"elementor-element elementor-element-12b81b4 e-flex e-con-boxed e-con\" data-id=\"12b81b4\" data-element_type=\"container\" data-settings=\"{&quot;background_background&quot;:&quot;classic&quot;,&quot;content_width&quot;:&quot;boxed&quot;}\">\n\t\t\t\t\t<div class=\"e-con-inner\">\n\t\t\t\t<div class=\"elementor-element elementor-element-c27d449 elementor-absolute elementor-widget elementor-widget-image\" data-id=\"c27d449\" data-element_type=\"widget\" data-settings=\"{&quot;_position&quot;:&quot;absolute&quot;}\" data-widget_type=\"image.default\">\n\t\t\t\t<div class=\"elementor-widget-container\">\n\t\t\t\t\t\t\t\t\t\t\t\t\t\t\t<img decoding=\"async\" width=\"300\" height=\"252\" src=\"https:\/\/invema.uk\/wp-content\/uploads\/2023\/05\/LOGO-SAD-AFRICA-300x252.png\" class=\"attachment-medium size-medium wp-image-18114\" alt=\"\" loading=\"lazy\" srcset=\"https:\/\/invema.uk\/wp-content\/uploads\/2023\/05\/LOGO-SAD-AFRICA-300x252.png 300w, https:\/\/invema.uk\/wp-content\/uploads\/2023\/05\/LOGO-SAD-AFRICA-768x645.png 768w, https:\/\/invema.uk\/wp-content\/uploads\/2023\/05\/LOGO-SAD-AFRICA.png 952w\" sizes=\"(max-width: 300px) 100vw, 300px\" \/>\t\t\t\t\t\t\t\t\t\t\t\t\t\t\t<\/div>\n\t\t\t\t<\/div>\n\t\t\t\t\t<\/div>\n\t\t\t\t<\/div>\n\t\t\t\t<\/div>\n\t\t<div class=\"elementor-element elementor-element-70afc14 e-con-full e-flex e-con\" data-id=\"70afc14\" data-element_type=\"container\" data-settings=\"{&quot;content_width&quot;:&quot;full&quot;}\">\n\t\t<div class=\"elementor-element elementor-element-03fa216 e-con-full e-flex e-con\" data-id=\"03fa216\" data-element_type=\"container\" data-settings=\"{&quot;content_width&quot;:&quot;full&quot;}\">\n\t\t\t\t<div class=\"elementor-element elementor-element-3203748 elementor-widget elementor-widget-heading\" data-id=\"3203748\" data-element_type=\"widget\" data-widget_type=\"heading.default\">\n\t\t\t\t<div class=\"elementor-widget-container\">\n\t\t\t<h2 class=\"elementor-heading-title elementor-size-default\">SAD AFRICA INTERNATIONAL<\/h2>\t\t<\/div>\n\t\t\t\t<\/div>\n\t\t\t\t<div class=\"elementor-element elementor-element-896a777 elementor-widget elementor-widget-text-editor\" data-id=\"896a777\" data-element_type=\"widget\" data-widget_type=\"text-editor.default\">\n\t\t\t\t<div class=\"elementor-widget-container\">\n\t\t\t\t\t\t\t<p>Activity: Se concentre sur la sant\u00e9 des enfants et des adultes, la scolarisation des enfants, le d\u00e9veloppement \u00e9conomique des r\u00e9gions marqu\u00e9es par la guerre et les maladies.<\/p>\n<p>Zones d&rsquo;activit\u00e9 : Pays d&rsquo;Afrique, en particulier la RDC, le Kenya, la Guin\u00e9e \u00e9quatoriale et le S\u00e9n\u00e9gal.<\/p>\n<p>Si\u00e8ge social: \u00e0 Barcelone, en Espagne, et dans la ville de Goma, en R\u00e9publique d\u00e9mocratique du Congo.<\/p>\n\t\t\t\t\t\t<\/div>\n\t\t\t\t<\/div>\n\t\t\t\t<div class=\"elementor-element elementor-element-e4f79eb elementor-widget elementor-widget-button\" data-id=\"e4f79eb\" data-element_type=\"widget\" data-widget_type=\"button.default\">\n\t\t\t\t<div class=\"elementor-widget-container\">\n\t\t\t\t\t<div class=\"elementor-button-wrapper\">\n\t\t\t<a class=\"elementor-button elementor-button-link elementor-size-md\" href=\"#\">\n\t\t\t\t\t\t<span class=\"elementor-button-content-wrapper\">\n\t\t\t\t\t\t<span class=\"elementor-button-text\">Visiter le Site Web<\/span>\n\t\t<\/span>\n\t\t\t\t\t<\/a>\n\t\t<\/div>\n\t\t\t\t<\/div>\n\t\t\t\t<\/div>\n\t\t\t\t<\/div>\n\t\t\t\t<\/div>\n\t\t\t\t\t<\/div>\n\t\t\t\t<\/div>\n\t\t\t\t\t\t\t<\/div>\n\t\t","protected":false},"excerpt":{"rendered":"<p>FONDATION INVEMA Depuis ses d\u00e9buts, Invema Ltd. a accord\u00e9 des subventions \u00e0 des organisations \u00e0 but non lucratif et \u00e0 des groupes communautaires, afin de r\u00e9pondre aux besoins de la soci\u00e9t\u00e9 et d&rsquo;am\u00e9liorer le bien-\u00eatre des communaut\u00e9s dans le monde entier. Ces subventions ont permis de soutenir un large \u00e9ventail d&rsquo;activit\u00e9s, notamment la recherche, les [&hellip;]<\/p>\n","protected":false},"author":1,"featured_media":0,"parent":0,"menu_order":0,"comment_status":"closed","ping_status":"closed","template":"","meta":{"_monsterinsights_skip_tracking":false,"_monsterinsights_sitenote_active":false,"_monsterinsights_sitenote_note":"","_monsterinsights_sitenote_category":0},"_links":{"self":[{"href":"https:\/\/invema.uk\/fr\/wp-json\/wp\/v2\/pages\/18163"}],"collection":[{"href":"https:\/\/invema.uk\/fr\/wp-json\/wp\/v2\/pages"}],"about":[{"href":"https:\/\/invema.uk\/fr\/wp-json\/wp\/v2\/types\/page"}],"author":[{"embeddable":true,"href":"https:\/\/invema.uk\/fr\/wp-json\/wp\/v2\/users\/1"}],"replies":[{"embeddable":true,"href":"https:\/\/invema.uk\/fr\/wp-json\/wp\/v2\/comments?post=18163"}],"version-history":[{"count":10,"href":"https:\/\/invema.uk\/fr\/wp-json\/wp\/v2\/pages\/18163\/revisions"}],"predecessor-version":[{"id":18359,"href":"https:\/\/invema.uk\/fr\/wp-json\/wp\/v2\/pages\/18163\/revisions\/18359"}],"wp:attachment":[{"href":"https:\/\/invema.uk\/fr\/wp-json\/wp\/v2\/media?parent=18163"}],"curies":[{"name":"wp","href":"https:\/\/api.w.org\/{rel}","templated":true}]}}