{"id":18284,"date":"2023-05-24T20:20:06","date_gmt":"2023-05-24T20:20:06","guid":{"rendered":"https:\/\/invema.uk\/grupo-invema\/"},"modified":"2023-05-24T20:51:16","modified_gmt":"2023-05-24T20:51:16","slug":"grupo-invema","status":"publish","type":"page","link":"https:\/\/invema.uk\/es\/grupo-invema\/","title":{"rendered":"Grupo Invema"},"content":{"rendered":"\t\t<div data-elementor-type=\"wp-page\" data-elementor-id=\"18284\" class=\"elementor elementor-18284 elementor-18275\">\n\t\t\t\t\t\t\t<div class=\"elementor-element elementor-element-70fd2d6 e-flex e-con-boxed e-con\" data-id=\"70fd2d6\" data-element_type=\"container\" data-settings=\"{&quot;background_background&quot;:&quot;classic&quot;,&quot;content_width&quot;:&quot;boxed&quot;}\">\n\t\t\t\t\t<div class=\"e-con-inner\">\n\t\t<div class=\"elementor-element elementor-element-e8b5509 e-con-full e-flex e-con\" data-id=\"e8b5509\" data-element_type=\"container\" data-settings=\"{&quot;content_width&quot;:&quot;full&quot;}\">\n\t\t\t\t<div class=\"elementor-element elementor-element-12d0631 elementor-absolute elementor-widget elementor-widget-heading\" data-id=\"12d0631\" data-element_type=\"widget\" data-settings=\"{&quot;_position&quot;:&quot;absolute&quot;}\" data-widget_type=\"heading.default\">\n\t\t\t\t<div class=\"elementor-widget-container\">\n\t\t\t<style>\/*! elementor - v3.14.0 - 26-06-2023 *\/\n.elementor-heading-title{padding:0;margin:0;line-height:1}.elementor-widget-heading .elementor-heading-title[class*=elementor-size-]>a{color:inherit;font-size:inherit;line-height:inherit}.elementor-widget-heading .elementor-heading-title.elementor-size-small{font-size:15px}.elementor-widget-heading .elementor-heading-title.elementor-size-medium{font-size:19px}.elementor-widget-heading .elementor-heading-title.elementor-size-large{font-size:29px}.elementor-widget-heading .elementor-heading-title.elementor-size-xl{font-size:39px}.elementor-widget-heading .elementor-heading-title.elementor-size-xxl{font-size:59px}<\/style><h1 class=\"elementor-heading-title elementor-size-default\">Grupo Invema<\/h1>\t\t<\/div>\n\t\t\t\t<\/div>\n\t\t\t\t<\/div>\n\t\t\t\t\t<\/div>\n\t\t\t\t<\/div>\n\t\t<div class=\"elementor-element elementor-element-f3e8d6d e-flex e-con-boxed e-con\" data-id=\"f3e8d6d\" data-element_type=\"container\" data-settings=\"{&quot;background_background&quot;:&quot;classic&quot;,&quot;content_width&quot;:&quot;boxed&quot;}\">\n\t\t\t\t\t<div class=\"e-con-inner\">\n\t\t\t\t<div class=\"elementor-element elementor-element-7673881 elementor-widget elementor-widget-heading\" data-id=\"7673881\" data-element_type=\"widget\" data-widget_type=\"heading.default\">\n\t\t\t\t<div class=\"elementor-widget-container\">\n\t\t\t<p class=\"elementor-heading-title elementor-size-default\">Esta p\u00e1gina est\u00e1 en construcci\u00f3n y a\u00fan no puede consultarse.<\/p>\t\t<\/div>\n\t\t\t\t<\/div>\n\t\t\t\t\t<\/div>\n\t\t\t\t<\/div>\n\t\t\t\t\t\t\t<\/div>\n\t\t","protected":false},"excerpt":{"rendered":"<p>Grupo Invema Esta p\u00e1gina est\u00e1 en construcci\u00f3n y a\u00fan no puede consultarse.<\/p>\n","protected":false},"author":1,"featured_media":0,"parent":0,"menu_order":0,"comment_status":"closed","ping_status":"closed","template":"","meta":{"_monsterinsights_skip_tracking":false,"_monsterinsights_sitenote_active":false,"_monsterinsights_sitenote_note":"","_monsterinsights_sitenote_category":0},"_links":{"self":[{"href":"https:\/\/invema.uk\/es\/wp-json\/wp\/v2\/pages\/18284"}],"collection":[{"href":"https:\/\/invema.uk\/es\/wp-json\/wp\/v2\/pages"}],"about":[{"href":"https:\/\/invema.uk\/es\/wp-json\/wp\/v2\/types\/page"}],"author":[{"embeddable":true,"href":"https:\/\/invema.uk\/es\/wp-json\/wp\/v2\/users\/1"}],"replies":[{"embeddable":true,"href":"https:\/\/invema.uk\/es\/wp-json\/wp\/v2\/comments?post=18284"}],"version-history":[{"count":1,"href":"https:\/\/invema.uk\/es\/wp-json\/wp\/v2\/pages\/18284\/revisions"}],"predecessor-version":[{"id":18285,"href":"https:\/\/invema.uk\/es\/wp-json\/wp\/v2\/pages\/18284\/revisions\/18285"}],"wp:attachment":[{"href":"https:\/\/invema.uk\/es\/wp-json\/wp\/v2\/media?parent=18284"}],"curies":[{"name":"wp","href":"https:\/\/api.w.org\/{rel}","templated":true}]}}