{"id":18165,"date":"2023-05-23T21:40:39","date_gmt":"2023-05-23T21:40:39","guid":{"rendered":"https:\/\/invema.uk\/fundacion-invema\/"},"modified":"2023-06-02T08:53:19","modified_gmt":"2023-06-02T08:53:19","slug":"fundacion-invema","status":"publish","type":"page","link":"https:\/\/invema.uk\/es\/fundacion-invema\/","title":{"rendered":"Fundaci\u00f3n Invema"},"content":{"rendered":"\t\t<div data-elementor-type=\"wp-page\" data-elementor-id=\"18165\" class=\"elementor elementor-18165 elementor-18068\">\n\t\t\t\t\t\t\t<div class=\"elementor-element elementor-element-ed63f81 e-flex e-con-boxed e-con\" data-id=\"ed63f81\" data-element_type=\"container\" data-settings=\"{&quot;background_background&quot;:&quot;classic&quot;,&quot;content_width&quot;:&quot;boxed&quot;}\">\n\t\t\t\t\t<div class=\"e-con-inner\">\n\t\t<div class=\"elementor-element elementor-element-8b1f8cd e-con-full e-flex e-con\" data-id=\"8b1f8cd\" data-element_type=\"container\" data-settings=\"{&quot;content_width&quot;:&quot;full&quot;}\">\n\t\t\t\t<div class=\"elementor-element elementor-element-4cd40a5 elementor-absolute elementor-widget elementor-widget-heading\" data-id=\"4cd40a5\" data-element_type=\"widget\" data-settings=\"{&quot;_position&quot;:&quot;absolute&quot;}\" data-widget_type=\"heading.default\">\n\t\t\t\t<div class=\"elementor-widget-container\">\n\t\t\t<style>\/*! elementor - v3.14.0 - 26-06-2023 *\/\n.elementor-heading-title{padding:0;margin:0;line-height:1}.elementor-widget-heading .elementor-heading-title[class*=elementor-size-]>a{color:inherit;font-size:inherit;line-height:inherit}.elementor-widget-heading .elementor-heading-title.elementor-size-small{font-size:15px}.elementor-widget-heading .elementor-heading-title.elementor-size-medium{font-size:19px}.elementor-widget-heading .elementor-heading-title.elementor-size-large{font-size:29px}.elementor-widget-heading .elementor-heading-title.elementor-size-xl{font-size:39px}.elementor-widget-heading .elementor-heading-title.elementor-size-xxl{font-size:59px}<\/style><h1 class=\"elementor-heading-title elementor-size-default\">FUNDACI\u00d3N INVEMA<\/h1>\t\t<\/div>\n\t\t\t\t<\/div>\n\t\t\t\t<\/div>\n\t\t\t\t\t<\/div>\n\t\t\t\t<\/div>\n\t\t<div class=\"elementor-element elementor-element-8a6cbdf e-flex e-con-boxed e-con\" data-id=\"8a6cbdf\" data-element_type=\"container\" data-settings=\"{&quot;background_background&quot;:&quot;classic&quot;,&quot;content_width&quot;:&quot;boxed&quot;}\">\n\t\t\t\t\t<div class=\"e-con-inner\">\n\t\t\t\t<div class=\"elementor-element elementor-element-89263a7 elementor-widget__width-initial elementor-widget elementor-widget-text-editor\" data-id=\"89263a7\" data-element_type=\"widget\" data-widget_type=\"text-editor.default\">\n\t\t\t\t<div class=\"elementor-widget-container\">\n\t\t\t<style>\/*! elementor - v3.14.0 - 26-06-2023 *\/\n.elementor-widget-text-editor.elementor-drop-cap-view-stacked .elementor-drop-cap{background-color:#69727d;color:#fff}.elementor-widget-text-editor.elementor-drop-cap-view-framed .elementor-drop-cap{color:#69727d;border:3px solid;background-color:transparent}.elementor-widget-text-editor:not(.elementor-drop-cap-view-default) .elementor-drop-cap{margin-top:8px}.elementor-widget-text-editor:not(.elementor-drop-cap-view-default) .elementor-drop-cap-letter{width:1em;height:1em}.elementor-widget-text-editor .elementor-drop-cap{float:left;text-align:center;line-height:1;font-size:50px}.elementor-widget-text-editor .elementor-drop-cap-letter{display:inline-block}<\/style>\t\t\t\t<p>Desde nuestros inicios, Invema Ltd. ha proporcionado ayuda financiera a organizaciones sin fines de lucro y grupos comunitarios, para abordar las necesidades sociales y mejorar el bienestar de comunidades alrededor del mundo.<\/p>\n<p>Los aportes financieros han apoyado una amplia gama de actividades, incluyendo investigaci\u00f3n, programas, servicios, desarrollo de infraestructura, mejora personal y conservaci\u00f3n del medio ambiente.<\/p>\n<p>Nuestra responsabilidad social corporativa (RSC) es una parte integral de nuestros procesos internos, lo que demuestra nuestro compromiso de fomentar la responsabilidad y el mejoramiento financiero, social y ambiental en todo el mundo.<\/p>\n<p>Invema est\u00e1 abierta a revisar solicitudes y seleccionar proyectos o iniciativas que tengan un impacto significativo y se alineen con nuestros valores y objetivos.<\/p>\n\t\t\t\t\t\t<\/div>\n\t\t\t\t<\/div>\n\t\t\t\t\t<\/div>\n\t\t\t\t<\/div>\n\t\t<div class=\"elementor-element elementor-element-efa4483 e-flex e-con-boxed e-con\" data-id=\"efa4483\" data-element_type=\"container\" data-settings=\"{&quot;content_width&quot;:&quot;boxed&quot;}\">\n\t\t\t\t\t<div class=\"e-con-inner\">\n\t\t<div class=\"elementor-element elementor-element-c79aace e-con-full e-flex e-con\" data-id=\"c79aace\" data-element_type=\"container\" data-settings=\"{&quot;content_width&quot;:&quot;full&quot;}\">\n\t\t<div class=\"elementor-element elementor-element-91427e0 e-flex e-con-boxed e-con\" data-id=\"91427e0\" data-element_type=\"container\" data-settings=\"{&quot;background_background&quot;:&quot;classic&quot;,&quot;content_width&quot;:&quot;boxed&quot;}\">\n\t\t\t\t\t<div class=\"e-con-inner\">\n\t\t\t\t<div class=\"elementor-element elementor-element-a3349cc elementor-absolute elementor-widget elementor-widget-image\" data-id=\"a3349cc\" data-element_type=\"widget\" data-settings=\"{&quot;_position&quot;:&quot;absolute&quot;}\" data-widget_type=\"image.default\">\n\t\t\t\t<div class=\"elementor-widget-container\">\n\t\t\t<style>\/*! elementor - v3.14.0 - 26-06-2023 *\/\n.elementor-widget-image{text-align:center}.elementor-widget-image a{display:inline-block}.elementor-widget-image a img[src$=\".svg\"]{width:48px}.elementor-widget-image img{vertical-align:middle;display:inline-block}<\/style>\t\t\t\t\t\t\t\t\t\t\t\t<img decoding=\"async\" width=\"300\" height=\"252\" src=\"https:\/\/invema.uk\/wp-content\/uploads\/2023\/05\/LOGO-VOLVER-A-SONAR-300x252.png\" class=\"attachment-medium size-medium wp-image-18121\" alt=\"\" loading=\"lazy\" srcset=\"https:\/\/invema.uk\/wp-content\/uploads\/2023\/05\/LOGO-VOLVER-A-SONAR-300x252.png 300w, https:\/\/invema.uk\/wp-content\/uploads\/2023\/05\/LOGO-VOLVER-A-SONAR-768x645.png 768w, https:\/\/invema.uk\/wp-content\/uploads\/2023\/05\/LOGO-VOLVER-A-SONAR.png 952w\" sizes=\"(max-width: 300px) 100vw, 300px\" \/>\t\t\t\t\t\t\t\t\t\t\t\t\t\t\t<\/div>\n\t\t\t\t<\/div>\n\t\t\t\t\t<\/div>\n\t\t\t\t<\/div>\n\t\t\t\t<\/div>\n\t\t<div class=\"elementor-element elementor-element-73dbecb e-con-full e-flex e-con\" data-id=\"73dbecb\" data-element_type=\"container\" data-settings=\"{&quot;content_width&quot;:&quot;full&quot;}\">\n\t\t<div class=\"elementor-element elementor-element-33b294b e-con-full e-flex e-con\" data-id=\"33b294b\" data-element_type=\"container\" data-settings=\"{&quot;content_width&quot;:&quot;full&quot;}\">\n\t\t\t\t<div class=\"elementor-element elementor-element-80ce263 elementor-widget elementor-widget-heading\" data-id=\"80ce263\" data-element_type=\"widget\" data-widget_type=\"heading.default\">\n\t\t\t\t<div class=\"elementor-widget-container\">\n\t\t\t<h2 class=\"elementor-heading-title elementor-size-default\">Volver a So\u00f1ar<\/h2>\t\t<\/div>\n\t\t\t\t<\/div>\n\t\t\t\t<div class=\"elementor-element elementor-element-48fd0ee elementor-widget elementor-widget-text-editor\" data-id=\"48fd0ee\" data-element_type=\"widget\" data-widget_type=\"text-editor.default\">\n\t\t\t\t<div class=\"elementor-widget-container\">\n\t\t\t\t\t\t\t<p>Volver a So\u00f1ar es una organizaci\u00f3n sin fines de lucro fundada por un equipo de comprometidas mujeres colombianas a trabajar incansablemente para brindar a los ni\u00f1os con c\u00e1ncer de la fundaci\u00f3n y a sus familias de bajos recursos econ\u00f3micos, un acompa\u00f1amiento integral y un apoyo f\u00edsico, psicol\u00f3gico y espiritual. Ayudarles a aliviar sus tragedias de vida y a superarlas. Nuestra Misi\u00f3n es lograr una autentica transformaci\u00f3n positiva en las personas y en la sociedad.<\/p>\n\t\t\t\t\t\t<\/div>\n\t\t\t\t<\/div>\n\t\t<div class=\"elementor-element elementor-element-b289d93 e-flex e-con-boxed e-con\" data-id=\"b289d93\" data-element_type=\"container\" data-settings=\"{&quot;content_width&quot;:&quot;boxed&quot;}\">\n\t\t\t\t\t<div class=\"e-con-inner\">\n\t\t\t\t<div class=\"elementor-element elementor-element-b04ff63 elementor-widget elementor-widget-button\" data-id=\"b04ff63\" data-element_type=\"widget\" data-widget_type=\"button.default\">\n\t\t\t\t<div class=\"elementor-widget-container\">\n\t\t\t\t\t<div class=\"elementor-button-wrapper\">\n\t\t\t<a class=\"elementor-button elementor-button-link elementor-size-md\" href=\"https:\/\/www.volveraso\u00f1ar.com\/\" target=\"_blank\">\n\t\t\t\t\t\t<span class=\"elementor-button-content-wrapper\">\n\t\t\t\t\t\t<span class=\"elementor-button-text\">Visitar el Sitio Web<\/span>\n\t\t<\/span>\n\t\t\t\t\t<\/a>\n\t\t<\/div>\n\t\t\t\t<\/div>\n\t\t\t\t<\/div>\n\t\t\t\t<div class=\"elementor-element elementor-element-41f435e elementor-widget elementor-widget-button\" data-id=\"41f435e\" data-element_type=\"widget\" data-widget_type=\"button.default\">\n\t\t\t\t<div class=\"elementor-widget-container\">\n\t\t\t\t\t<div class=\"elementor-button-wrapper\">\n\t\t\t<a class=\"elementor-button elementor-button-link elementor-size-md\" href=\"https:\/\/youtu.be\/CfBCAimTVrk\" target=\"_blank\">\n\t\t\t\t\t\t<span class=\"elementor-button-content-wrapper\">\n\t\t\t\t\t\t<span class=\"elementor-button-text\">Video<\/span>\n\t\t<\/span>\n\t\t\t\t\t<\/a>\n\t\t<\/div>\n\t\t\t\t<\/div>\n\t\t\t\t<\/div>\n\t\t\t\t\t<\/div>\n\t\t\t\t<\/div>\n\t\t\t\t<\/div>\n\t\t\t\t<\/div>\n\t\t\t\t\t<\/div>\n\t\t\t\t<\/div>\n\t\t<div class=\"elementor-element elementor-element-ecc07c4 e-flex e-con-boxed e-con\" data-id=\"ecc07c4\" data-element_type=\"container\" data-settings=\"{&quot;content_width&quot;:&quot;boxed&quot;}\">\n\t\t\t\t\t<div class=\"e-con-inner\">\n\t\t<div class=\"elementor-element elementor-element-1bfe9b8 e-con-full e-flex e-con\" data-id=\"1bfe9b8\" data-element_type=\"container\" data-settings=\"{&quot;content_width&quot;:&quot;full&quot;}\">\n\t\t<div class=\"elementor-element elementor-element-1d72269 e-flex e-con-boxed e-con\" data-id=\"1d72269\" data-element_type=\"container\" data-settings=\"{&quot;background_background&quot;:&quot;classic&quot;,&quot;content_width&quot;:&quot;boxed&quot;}\">\n\t\t\t\t\t<div class=\"e-con-inner\">\n\t\t\t\t<div class=\"elementor-element elementor-element-2e41358 elementor-absolute elementor-widget elementor-widget-image\" data-id=\"2e41358\" data-element_type=\"widget\" data-settings=\"{&quot;_position&quot;:&quot;absolute&quot;}\" data-widget_type=\"image.default\">\n\t\t\t\t<div class=\"elementor-widget-container\">\n\t\t\t\t\t\t\t\t\t\t\t\t\t\t\t<img decoding=\"async\" width=\"300\" height=\"252\" src=\"https:\/\/invema.uk\/wp-content\/uploads\/2023\/05\/LOGO-FUNDACRISTO-300x252.png\" class=\"attachment-medium size-medium wp-image-18106\" alt=\"\" loading=\"lazy\" srcset=\"https:\/\/invema.uk\/wp-content\/uploads\/2023\/05\/LOGO-FUNDACRISTO-300x252.png 300w, https:\/\/invema.uk\/wp-content\/uploads\/2023\/05\/LOGO-FUNDACRISTO-768x645.png 768w, https:\/\/invema.uk\/wp-content\/uploads\/2023\/05\/LOGO-FUNDACRISTO.png 952w\" sizes=\"(max-width: 300px) 100vw, 300px\" \/>\t\t\t\t\t\t\t\t\t\t\t\t\t\t\t<\/div>\n\t\t\t\t<\/div>\n\t\t\t\t\t<\/div>\n\t\t\t\t<\/div>\n\t\t\t\t<\/div>\n\t\t<div class=\"elementor-element elementor-element-e7e5d3c e-con-full e-flex e-con\" data-id=\"e7e5d3c\" data-element_type=\"container\" data-settings=\"{&quot;content_width&quot;:&quot;full&quot;}\">\n\t\t<div class=\"elementor-element elementor-element-24a4ffb e-con-full e-flex e-con\" data-id=\"24a4ffb\" data-element_type=\"container\" data-settings=\"{&quot;content_width&quot;:&quot;full&quot;}\">\n\t\t\t\t<div class=\"elementor-element elementor-element-309e3de elementor-widget elementor-widget-heading\" data-id=\"309e3de\" data-element_type=\"widget\" data-widget_type=\"heading.default\">\n\t\t\t\t<div class=\"elementor-widget-container\">\n\t\t\t<h2 class=\"elementor-heading-title elementor-size-default\">Fundacristo Corp. - USA<\/h2>\t\t<\/div>\n\t\t\t\t<\/div>\n\t\t\t\t<div class=\"elementor-element elementor-element-683fdaf elementor-widget elementor-widget-text-editor\" data-id=\"683fdaf\" data-element_type=\"widget\" data-widget_type=\"text-editor.default\">\n\t\t\t\t<div class=\"elementor-widget-container\">\n\t\t\t\t\t\t\t<p>La Misi\u00f3n de Fundacristo es generar en toda la comunidad en la que estamos presentes, principios morales, \u00e9ticos y sociales, siempre basados en la palabra de DIOS y en su libro de vida, LA BIBLIA.<\/p>\n<p>Generando en nuestros asociados, beneficiarios y contribuyentes, grandes bendiciones, beneficios y prosperidad en las \u00e1reas espiritual, moral y econ\u00f3mica.<\/p>\n\t\t\t\t\t\t<\/div>\n\t\t\t\t<\/div>\n\t\t\t\t<div class=\"elementor-element elementor-element-b75747d elementor-widget elementor-widget-button\" data-id=\"b75747d\" data-element_type=\"widget\" data-widget_type=\"button.default\">\n\t\t\t\t<div class=\"elementor-widget-container\">\n\t\t\t\t\t<div class=\"elementor-button-wrapper\">\n\t\t\t<a class=\"elementor-button elementor-button-link elementor-size-md\" href=\"http:\/\/www.fundacristo-corp.org\/\" target=\"_blank\">\n\t\t\t\t\t\t<span class=\"elementor-button-content-wrapper\">\n\t\t\t\t\t\t<span class=\"elementor-button-text\">Visitar el Sitio Web<\/span>\n\t\t<\/span>\n\t\t\t\t\t<\/a>\n\t\t<\/div>\n\t\t\t\t<\/div>\n\t\t\t\t<\/div>\n\t\t\t\t<\/div>\n\t\t\t\t<\/div>\n\t\t\t\t\t<\/div>\n\t\t\t\t<\/div>\n\t\t<div class=\"elementor-element elementor-element-2c71a60 e-flex e-con-boxed e-con\" data-id=\"2c71a60\" data-element_type=\"container\" data-settings=\"{&quot;content_width&quot;:&quot;boxed&quot;}\">\n\t\t\t\t\t<div class=\"e-con-inner\">\n\t\t<div class=\"elementor-element elementor-element-9db240a e-con-full e-flex e-con\" data-id=\"9db240a\" data-element_type=\"container\" data-settings=\"{&quot;content_width&quot;:&quot;full&quot;}\">\n\t\t<div class=\"elementor-element elementor-element-12b81b4 e-flex e-con-boxed e-con\" data-id=\"12b81b4\" data-element_type=\"container\" data-settings=\"{&quot;background_background&quot;:&quot;classic&quot;,&quot;content_width&quot;:&quot;boxed&quot;}\">\n\t\t\t\t\t<div class=\"e-con-inner\">\n\t\t\t\t<div class=\"elementor-element elementor-element-c27d449 elementor-absolute elementor-widget elementor-widget-image\" data-id=\"c27d449\" data-element_type=\"widget\" data-settings=\"{&quot;_position&quot;:&quot;absolute&quot;}\" data-widget_type=\"image.default\">\n\t\t\t\t<div class=\"elementor-widget-container\">\n\t\t\t\t\t\t\t\t\t\t\t\t\t\t\t<img decoding=\"async\" width=\"300\" height=\"252\" src=\"https:\/\/invema.uk\/wp-content\/uploads\/2023\/05\/LOGO-SAD-AFRICA-300x252.png\" class=\"attachment-medium size-medium wp-image-18115\" alt=\"\" loading=\"lazy\" srcset=\"https:\/\/invema.uk\/wp-content\/uploads\/2023\/05\/LOGO-SAD-AFRICA-300x252.png 300w, https:\/\/invema.uk\/wp-content\/uploads\/2023\/05\/LOGO-SAD-AFRICA-768x645.png 768w, https:\/\/invema.uk\/wp-content\/uploads\/2023\/05\/LOGO-SAD-AFRICA.png 952w\" sizes=\"(max-width: 300px) 100vw, 300px\" \/>\t\t\t\t\t\t\t\t\t\t\t\t\t\t\t<\/div>\n\t\t\t\t<\/div>\n\t\t\t\t\t<\/div>\n\t\t\t\t<\/div>\n\t\t\t\t<\/div>\n\t\t<div class=\"elementor-element elementor-element-70afc14 e-con-full e-flex e-con\" data-id=\"70afc14\" data-element_type=\"container\" data-settings=\"{&quot;content_width&quot;:&quot;full&quot;}\">\n\t\t<div class=\"elementor-element elementor-element-03fa216 e-con-full e-flex e-con\" data-id=\"03fa216\" data-element_type=\"container\" data-settings=\"{&quot;content_width&quot;:&quot;full&quot;}\">\n\t\t\t\t<div class=\"elementor-element elementor-element-3203748 elementor-widget elementor-widget-heading\" data-id=\"3203748\" data-element_type=\"widget\" data-widget_type=\"heading.default\">\n\t\t\t\t<div class=\"elementor-widget-container\">\n\t\t\t<h2 class=\"elementor-heading-title elementor-size-default\">SAD AFRICA INTERNATIONAL<\/h2>\t\t<\/div>\n\t\t\t\t<\/div>\n\t\t\t\t<div class=\"elementor-element elementor-element-896a777 elementor-widget elementor-widget-text-editor\" data-id=\"896a777\" data-element_type=\"widget\" data-widget_type=\"text-editor.default\">\n\t\t\t\t<div class=\"elementor-widget-container\">\n\t\t\t\t\t\t\t<p>Actividad: Centrada en la salud de ni\u00f1os y adultos, la escolarizaci\u00f3n de los ni\u00f1os, el desarrollo econ\u00f3mico de las zonas deprimidas debido a la guerra y la enfermedad.<\/p>\n<p>\u00c1reas de actividad: Pa\u00edses africanos, enfocados en RDC, Kenia, Guinea Ecuatorial y Senegal.<\/p>\n<p>Sede: Barcelona, Espa\u00f1a y la Ciudad de Goma, Rep\u00fablica Democr\u00e1tica del Congo.<\/p>\n\t\t\t\t\t\t<\/div>\n\t\t\t\t<\/div>\n\t\t\t\t<div class=\"elementor-element elementor-element-e4f79eb elementor-widget elementor-widget-button\" data-id=\"e4f79eb\" data-element_type=\"widget\" data-widget_type=\"button.default\">\n\t\t\t\t<div class=\"elementor-widget-container\">\n\t\t\t\t\t<div class=\"elementor-button-wrapper\">\n\t\t\t<a class=\"elementor-button elementor-button-link elementor-size-md\" href=\"#\">\n\t\t\t\t\t\t<span class=\"elementor-button-content-wrapper\">\n\t\t\t\t\t\t<span class=\"elementor-button-text\">Visitar el Sitio Web<\/span>\n\t\t<\/span>\n\t\t\t\t\t<\/a>\n\t\t<\/div>\n\t\t\t\t<\/div>\n\t\t\t\t<\/div>\n\t\t\t\t<\/div>\n\t\t\t\t<\/div>\n\t\t\t\t\t<\/div>\n\t\t\t\t<\/div>\n\t\t\t\t\t\t\t<\/div>\n\t\t","protected":false},"excerpt":{"rendered":"<p>FUNDACI\u00d3N INVEMA Desde nuestros inicios, Invema Ltd. ha proporcionado ayuda financiera a organizaciones sin fines de lucro y grupos comunitarios, para abordar las necesidades sociales y mejorar el bienestar de comunidades alrededor del mundo. Los aportes financieros han apoyado una amplia gama de actividades, incluyendo investigaci\u00f3n, programas, servicios, desarrollo de infraestructura, mejora personal y conservaci\u00f3n [&hellip;]<\/p>\n","protected":false},"author":1,"featured_media":0,"parent":0,"menu_order":0,"comment_status":"closed","ping_status":"closed","template":"","meta":{"_monsterinsights_skip_tracking":false,"_monsterinsights_sitenote_active":false,"_monsterinsights_sitenote_note":"","_monsterinsights_sitenote_category":0},"_links":{"self":[{"href":"https:\/\/invema.uk\/es\/wp-json\/wp\/v2\/pages\/18165"}],"collection":[{"href":"https:\/\/invema.uk\/es\/wp-json\/wp\/v2\/pages"}],"about":[{"href":"https:\/\/invema.uk\/es\/wp-json\/wp\/v2\/types\/page"}],"author":[{"embeddable":true,"href":"https:\/\/invema.uk\/es\/wp-json\/wp\/v2\/users\/1"}],"replies":[{"embeddable":true,"href":"https:\/\/invema.uk\/es\/wp-json\/wp\/v2\/comments?post=18165"}],"version-history":[{"count":13,"href":"https:\/\/invema.uk\/es\/wp-json\/wp\/v2\/pages\/18165\/revisions"}],"predecessor-version":[{"id":18362,"href":"https:\/\/invema.uk\/es\/wp-json\/wp\/v2\/pages\/18165\/revisions\/18362"}],"wp:attachment":[{"href":"https:\/\/invema.uk\/es\/wp-json\/wp\/v2\/media?parent=18165"}],"curies":[{"name":"wp","href":"https:\/\/api.w.org\/{rel}","templated":true}]}}